{"id":1252,"date":"2015-08-18T07:50:41","date_gmt":"2015-08-18T07:50:41","guid":{"rendered":"http:\/\/healthcoach.stylemixthemes.com\/demo\/?page_id=1252"},"modified":"2023-08-14T18:48:22","modified_gmt":"2023-08-14T21:48:22","slug":"home-2-2","status":"publish","type":"page","link":"http:\/\/trans-expo.com.br\/","title":{"rendered":"Home"},"content":{"rendered":"<section class=\"wpb-content-wrapper\"><p>[vc_row css=&#8221;.vc_custom_1439999000631{margin-bottom: 0px !important;}&#8221;][vc_column][rev_slider_vc alias=&#8221;home_slider&#8221;][\/vc_column][\/vc_row][vc_row full_width=&#8221;stretch_row&#8221; show_bump=&#8221;true&#8221; bump_color=&#8221;#ffffff&#8221; css=&#8221;.vc_custom_1691873260400{margin-bottom: 0px !important;padding-top: 60px !important;padding-bottom: 60px !important;}&#8221; el_id=&#8221;quemsomos&#8221;][vc_column][vc_column_text]<\/p>\n<h1 style=\"text-align: center;\"><span style=\"color: #a00000;\"><strong>QUEM SOMOS<\/strong><\/span><\/h1>\n<p>[\/vc_column_text][vc_column_text]<\/p>\n<p style=\"text-align: center;\">Atuamos no mercado h\u00e1 mais de 25 anos para instala\u00e7\u00e3o de m\u00e1quinas e<br \/>\nequipamentos nos Stands de Feiras e Exposi\u00e7\u00f5es do Brasil, Remo\u00e7\u00f5es<br \/>\nIndustriais e Transporte Rodovi\u00e1rio de Cargas Intermunicipal,<br \/>\nInterestadual, exceto transporte de produtos perigosos.<\/p>\n<p>[\/vc_column_text][\/vc_column][\/vc_row][vc_row css=&#8221;.vc_custom_1691873276977{margin-bottom: 0px !important;padding-top: 60px !important;padding-bottom: 60px !important;}&#8221; el_id=&#8221;diferenciais&#8221;][vc_column][rev_slider_vc alias=&#8221;home-slider-1&#8243;][\/vc_column][\/vc_row][vc_row full_width=&#8221;stretch_row&#8221; show_bump=&#8221;true&#8221; bump_color=&#8221;#ffffff&#8221; css=&#8221;.vc_custom_1691870970574{margin-bottom: 0px !important;padding-top: 38px !important;padding-bottom: 83px !important;}&#8221;][vc_column][vc_column_text]<\/p>\n<h1 style=\"text-align: center;\"><span style=\"color: #a00000;\">CREDENCIADOS COMO OFICIAIS<\/span><\/h1>\n<p>[\/vc_column_text][vc_column_text]<\/p>\n<p style=\"text-align: center;\">Somos credenciados como oficiais dos seguintes eventos:<br \/>\nEXPO REVESTIR, \u00a0PL\u00c1STICO BRASIL, FUTURE PRINT, EXPOMAFE,<br \/>\nFISPAL TECNOLOGIA, FORMOBILE, TECNOCARNE, GLASS SOUTH<br \/>\nAMERICA, FESPA BRASIL, FEBRATEX, SAL\u00c3O DO AUTOM\u00d3VEL,<br \/>\nINTERSOLAR, FENATRAN, INTERMACH, INTERPLAST entre outros.<br \/>\nE oficiais nos pavilh\u00f5es TRANSAM\u00c9RICA, ANHEMBI E S\u00c3O PAULO EXPO.<\/p>\n<p>[\/vc_column_text][\/vc_column][\/vc_row][vc_row full_width=&#8221;stretch_row&#8221; css=&#8221;.vc_custom_1691873288424{margin-bottom: 0px !important;padding-top: 60px !important;padding-bottom: 60px !important;background-color: #f2f2f2 !important;}&#8221; el_id=&#8221;galeria&#8221;][vc_column][vc_column_text]<\/p>\n<h1 style=\"text-align: center;\"><span style=\"color: #a00000;\">CONHE\u00c7A UM POUCO MAIS<\/span><\/h1>\n<p>[\/vc_column_text][vc_masonry_media_grid style=&#8221;load-more&#8221; items_per_page=&#8221;12&#8243; element_width=&#8221;3&#8243; btn_color=&#8221;juicy-pink&#8221; initial_loading_animation=&#8221;fadeIn&#8221; grid_id=&#8221;vc_gid:1692049635323-52795eb1-6c02-3&#8243; include=&#8221;1908,1909,1910,1911,1912,1913,1914,1915,1916,1917,1918,1919,1920,1921,1922,1923,1924,1925,1926&#8243;][\/vc_column][\/vc_row][vc_row full_width=&#8221;stretch_row&#8221; show_bump=&#8221;true&#8221; css=&#8221;.vc_custom_1692049628619{padding-top: 80px !important;padding-bottom: 80px !important;background-image: url(http:\/\/trans-expo.com.br\/wp-content\/uploads\/2023\/08\/14.jpg?id=1942) !important;background-position: center !important;background-repeat: no-repeat !important;background-size: cover !important;}&#8221; el_id=&#8221;contato&#8221;][vc_column][vc_column_text css_animation=&#8221;bounceInDown&#8221;]<\/p>\n<h1 style=\"text-align: center;\"><span style=\"color: #ffffff;\">SOLICITE UM OR\u00c7AMENTO<\/span><\/h1>\n<p>[\/vc_column_text][vc_icon icon_fontawesome=&#8221;far fa-arrow-alt-circle-down&#8221; color=&#8221;custom&#8221; background_style=&#8221;rounded&#8221; background_color=&#8221;white&#8221; size=&#8221;sm&#8221; align=&#8221;center&#8221; css_animation=&#8221;bounceIn&#8221; custom_color=&#8221;#a00000&#8243;][stm_contact_form7 form_id=&#8221;1899&#8243; css=&#8221;.vc_custom_1691871583350{padding-top: 40px !important;padding-right: 30px !important;padding-bottom: 40px !important;padding-left: 30px !important;background-color: rgba(255,255,255,0.37) !important;*background-color: rgb(255,255,255) !important;}&#8221; container_border_radius=&#8221;9px;9px;0;0&#8243;][\/vc_column][\/vc_row]<\/p>\n<\/section>","protected":false},"excerpt":{"rendered":"<p>[vc_row css=&#8221;.vc_custom_1439999000631{margin-bottom: 0px !important;}&#8221;][vc_column][rev_slider_vc alias=&#8221;home_slider&#8221;][\/vc_column][\/vc_row][vc_row full_width=&#8221;stretch_row&#8221; show_bump=&#8221;true&#8221; bump_color=&#8221;#ffffff&#8221; css=&#8221;.vc_custom_1691873260400{margin-bottom: 0px !important;padding-top: 60px !important;padding-bottom: 60px !important;}&#8221;&#8230;<\/p>\n","protected":false},"author":1,"featured_media":0,"parent":0,"menu_order":0,"comment_status":"closed","ping_status":"closed","template":"","meta":{"footnotes":""},"class_list":["post-1252","page","type-page","status-publish","hentry"],"_links":{"self":[{"href":"http:\/\/trans-expo.com.br\/index.php\/wp-json\/wp\/v2\/pages\/1252","targetHints":{"allow":["GET"]}}],"collection":[{"href":"http:\/\/trans-expo.com.br\/index.php\/wp-json\/wp\/v2\/pages"}],"about":[{"href":"http:\/\/trans-expo.com.br\/index.php\/wp-json\/wp\/v2\/types\/page"}],"author":[{"embeddable":true,"href":"http:\/\/trans-expo.com.br\/index.php\/wp-json\/wp\/v2\/users\/1"}],"replies":[{"embeddable":true,"href":"http:\/\/trans-expo.com.br\/index.php\/wp-json\/wp\/v2\/comments?post=1252"}],"version-history":[{"count":12,"href":"http:\/\/trans-expo.com.br\/index.php\/wp-json\/wp\/v2\/pages\/1252\/revisions"}],"predecessor-version":[{"id":1885,"href":"http:\/\/trans-expo.com.br\/index.php\/wp-json\/wp\/v2\/pages\/1252\/revisions\/1885"}],"wp:attachment":[{"href":"http:\/\/trans-expo.com.br\/index.php\/wp-json\/wp\/v2\/media?parent=1252"}],"curies":[{"name":"wp","href":"https:\/\/api.w.org\/{rel}","templated":true}]}}